{"id":129,"date":"2021-05-10T16:51:47","date_gmt":"2021-05-10T14:51:47","guid":{"rendered":"https:\/\/societeindustrielledelest.fr\/?page_id=129"},"modified":"2021-05-11T10:44:21","modified_gmt":"2021-05-11T08:44:21","slug":"vivez-leconomie-de-votre-region-avec-la-sie","status":"publish","type":"page","link":"https:\/\/societeindustrielledelest.fr\/index.php\/vivez-leconomie-de-votre-region-avec-la-sie\/","title":{"rendered":"Vivez l&rsquo;\u00e9conomie de votre r\u00e9gion avec la SIE"},"content":{"rendered":"\t\t<div data-elementor-type=\"wp-page\" data-elementor-id=\"129\" class=\"elementor elementor-129\">\n\t\t\t\t\t\t<section class=\"elementor-section elementor-top-section elementor-element elementor-element-77c6861 elementor-section-boxed elementor-section-height-default elementor-section-height-default\" data-id=\"77c6861\" data-element_type=\"section\" data-e-type=\"section\">\n\t\t\t\t\t\t<div class=\"elementor-container elementor-column-gap-default\">\n\t\t\t\t\t<div class=\"elementor-column elementor-col-100 elementor-top-column elementor-element elementor-element-9cf2471\" data-id=\"9cf2471\" data-element_type=\"column\" data-e-type=\"column\">\n\t\t\t<div class=\"elementor-widget-wrap elementor-element-populated\">\n\t\t\t\t\t\t<div class=\"elementor-element elementor-element-9c64f6e elementor-widget elementor-widget-text-editor\" data-id=\"9c64f6e\" data-element_type=\"widget\" data-e-type=\"widget\" data-widget_type=\"text-editor.default\">\n\t\t\t\t<div class=\"elementor-widget-container\">\n\t\t\t\t\t\t\t\t\t<p>La Soci\u00e9t\u00e9 Industrielle de l\u2019Est est une association reconnue d\u2019utilit\u00e9 publique. Une \u00ab\u00a0vieille dame\u00a0\u00bb pr\u00e9sente depuis 1884 encore solide aujourd\u2019hui, cherchant un renouvellement constant pour d\u00e9fendre et mettre en valeur les industries r\u00e9gionales.<\/p><p>Fort de son exp\u00e9rience, elle poursuit la volont\u00e9 affich\u00e9e d\u00e8s ses origines quant aux industries r\u00e9gionales\u00a0: les soutenir et les d\u00e9velopper. Aujourd\u2019hui, elle s\u2019appuie sur la solidarit\u00e9 pour favoriser les \u00e9changes entre les diff\u00e9rentes branches de l\u2019industrie. La SIE compte actuellement une centaine d\u2019adh\u00e9rents, entreprises ou responsables d\u2019\u00e9tablissements de tous statuts, repr\u00e9sentants des activit\u00e9s industrielles, commerciales ou artisanales de la Lorraine.<\/p>\t\t\t\t\t\t\t\t<\/div>\n\t\t\t\t<\/div>\n\t\t\t\t\t<\/div>\n\t\t<\/div>\n\t\t\t\t\t<\/div>\n\t\t<\/section>\n\t\t\t\t<section class=\"elementor-section elementor-top-section elementor-element elementor-element-7aed511 elementor-section-boxed elementor-section-height-default elementor-section-height-default\" data-id=\"7aed511\" data-element_type=\"section\" data-e-type=\"section\">\n\t\t\t\t\t\t<div class=\"elementor-container elementor-column-gap-default\">\n\t\t\t\t\t<div class=\"elementor-column elementor-col-100 elementor-top-column elementor-element elementor-element-02fc755\" data-id=\"02fc755\" data-element_type=\"column\" data-e-type=\"column\">\n\t\t\t<div class=\"elementor-widget-wrap elementor-element-populated\">\n\t\t\t\t\t\t<section class=\"elementor-section elementor-inner-section elementor-element elementor-element-3c45148 elementor-section-boxed elementor-section-height-default elementor-section-height-default\" data-id=\"3c45148\" data-element_type=\"section\" data-e-type=\"section\">\n\t\t\t\t\t\t<div class=\"elementor-container elementor-column-gap-default\">\n\t\t\t\t\t<div class=\"elementor-column elementor-col-50 elementor-inner-column elementor-element elementor-element-6520e6b\" data-id=\"6520e6b\" data-element_type=\"column\" data-e-type=\"column\">\n\t\t\t<div class=\"elementor-widget-wrap elementor-element-populated\">\n\t\t\t\t\t\t<div class=\"elementor-element elementor-element-001ee1c elementor-widget elementor-widget-text-editor\" data-id=\"001ee1c\" data-element_type=\"widget\" data-e-type=\"widget\" data-widget_type=\"text-editor.default\">\n\t\t\t\t<div class=\"elementor-widget-container\">\n\t\t\t\t\t\t\t\t\t<p>Valeurs\u00a0:<\/p><ul><li style=\"list-style-type: none;\"><ul><li><span style=\"font-size: 0.9375rem;\">Universalit\u00e9 et richesse du monde \u00e9conomique<\/span><\/li><\/ul><\/li><\/ul><ul><li style=\"list-style-type: none;\"><ul><li><span style=\"font-size: 0.9375rem;\">Volontarisme \u00e9conomique<\/span><\/li><\/ul><\/li><\/ul><ul><li style=\"list-style-type: none;\"><ul><li><span style=\"font-size: 0.9375rem;\">Activisme industriel<\/span><\/li><\/ul><\/li><\/ul><ul><li style=\"list-style-type: none;\"><ul><li><span style=\"font-size: 0.9375rem;\">Partage du savoir par le plus grand nombre<\/span><\/li><\/ul><\/li><\/ul><ul><li style=\"list-style-type: none;\"><ul><li><span style=\"font-size: 0.9375rem;\">Solidarit\u00e9 avec les repr\u00e9sentants de l\u2019industrie r\u00e9gionale<\/span><\/li><\/ul><\/li><\/ul><ul><li style=\"list-style-type: none;\"><ul><li><span style=\"font-size: 0.9375rem;\">Accord de la m\u00eame importance \u00e0 l\u2019intelligence de la main et l\u2019intelligence de l\u2019esprit<\/span><\/li><\/ul><\/li><\/ul>\t\t\t\t\t\t\t\t<\/div>\n\t\t\t\t<\/div>\n\t\t\t\t\t<\/div>\n\t\t<\/div>\n\t\t\t\t<div class=\"elementor-column elementor-col-50 elementor-inner-column elementor-element elementor-element-81c333b\" data-id=\"81c333b\" data-element_type=\"column\" data-e-type=\"column\">\n\t\t\t<div class=\"elementor-widget-wrap elementor-element-populated\">\n\t\t\t\t\t\t<div class=\"elementor-element elementor-element-c4e1008 elementor-widget elementor-widget-text-editor\" data-id=\"c4e1008\" data-element_type=\"widget\" data-e-type=\"widget\" data-widget_type=\"text-editor.default\">\n\t\t\t\t<div class=\"elementor-widget-container\">\n\t\t\t\t\t\t\t\t\t<p>Missions\u00a0:<\/p><ul><li style=\"list-style-type: none;\"><ul><li><span style=\"font-size: 0.9375rem;\">\u00c9tablir des relations au sein du monde \u00e9conomique<\/span><\/li><\/ul><\/li><\/ul><ul><li style=\"list-style-type: none;\"><ul><li><span style=\"font-size: 0.9375rem;\">Mettre en valeur les industries r\u00e9gionales et le commerce fran\u00e7ais en g\u00e9n\u00e9ral<\/span><\/li><\/ul><\/li><\/ul><ul><li style=\"list-style-type: none;\"><ul><li><span style=\"font-size: 0.9375rem;\">Concilier industrie, science et enseignement<\/span><\/li><\/ul><\/li><\/ul><ul><li style=\"list-style-type: none;\"><ul><li><span style=\"font-size: 0.9375rem;\">Soutenir l\u2019innovation, la recherche, et la cr\u00e9ation de PME de toutes activit\u00e9s<\/span><\/li><\/ul><\/li><\/ul><ul><li style=\"list-style-type: none;\"><ul><li><span style=\"font-size: 0.9375rem;\">Mettre \u00e0 l\u2019honneur le travail des femmes et des hommes de la r\u00e9gion<\/span><\/li><\/ul><\/li><\/ul><ul><li style=\"list-style-type: none;\"><ul><li><span style=\"font-size: 0.9375rem;\">Transf\u00e9rer le savoir et partager les connaissances<\/span><\/li><\/ul><\/li><\/ul>\t\t\t\t\t\t\t\t<\/div>\n\t\t\t\t<\/div>\n\t\t\t\t\t<\/div>\n\t\t<\/div>\n\t\t\t\t\t<\/div>\n\t\t<\/section>\n\t\t\t\t\t<\/div>\n\t\t<\/div>\n\t\t\t\t\t<\/div>\n\t\t<\/section>\n\t\t\t\t<section class=\"elementor-section elementor-top-section elementor-element elementor-element-a4bb34c elementor-section-boxed elementor-section-height-default elementor-section-height-default\" data-id=\"a4bb34c\" data-element_type=\"section\" data-e-type=\"section\">\n\t\t\t\t\t\t<div class=\"elementor-container elementor-column-gap-default\">\n\t\t\t\t\t<div class=\"elementor-column elementor-col-100 elementor-top-column elementor-element elementor-element-385114b\" data-id=\"385114b\" data-element_type=\"column\" data-e-type=\"column\">\n\t\t\t<div class=\"elementor-widget-wrap elementor-element-populated\">\n\t\t\t\t\t\t<div class=\"elementor-element elementor-element-3c28294 elementor-widget elementor-widget-text-editor\" data-id=\"3c28294\" data-element_type=\"widget\" data-e-type=\"widget\" data-widget_type=\"text-editor.default\">\n\t\t\t\t<div class=\"elementor-widget-container\">\n\t\t\t\t\t\t\t\t\t<p>Qu\u2019attendez-vous pour nous rejoindre\u00a0?<\/p>\t\t\t\t\t\t\t\t<\/div>\n\t\t\t\t<\/div>\n\t\t\t\t\t<\/div>\n\t\t<\/div>\n\t\t\t\t\t<\/div>\n\t\t<\/section>\n\t\t\t\t<section class=\"elementor-section elementor-top-section elementor-element elementor-element-7f14786 elementor-section-boxed elementor-section-height-default elementor-section-height-default\" data-id=\"7f14786\" data-element_type=\"section\" data-e-type=\"section\">\n\t\t\t\t\t\t<div class=\"elementor-container elementor-column-gap-default\">\n\t\t\t\t\t<div class=\"elementor-column elementor-col-100 elementor-top-column elementor-element elementor-element-87c6c40\" data-id=\"87c6c40\" data-element_type=\"column\" data-e-type=\"column\">\n\t\t\t<div class=\"elementor-widget-wrap elementor-element-populated\">\n\t\t\t\t\t\t<div class=\"elementor-element elementor-element-c9b56c6 elementor-position-top elementor-widget elementor-widget-image-box\" data-id=\"c9b56c6\" data-element_type=\"widget\" data-e-type=\"widget\" data-widget_type=\"image-box.default\">\n\t\t\t\t<div class=\"elementor-widget-container\">\n\t\t\t\t\t<div class=\"elementor-image-box-wrapper\"><figure class=\"elementor-image-box-img\"><img fetchpriority=\"high\" decoding=\"async\" width=\"690\" height=\"388\" src=\"https:\/\/societeindustrielledelest.fr\/wp-content\/uploads\/2021\/05\/test_logo.gif\" class=\"attachment-large size-large wp-image-187\" alt=\"\" \/><\/figure><div class=\"elementor-image-box-content\"><h3 class=\"elementor-image-box-title\">Vivez l'\u00e9conomie de votre r\u00e9gion avec la SIE<\/h3><\/div><\/div>\t\t\t\t<\/div>\n\t\t\t\t<\/div>\n\t\t\t\t\t<\/div>\n\t\t<\/div>\n\t\t\t\t\t<\/div>\n\t\t<\/section>\n\t\t\t\t<\/div>\n\t\t","protected":false},"excerpt":{"rendered":"<p>La Soci\u00e9t\u00e9 Industrielle de l\u2019Est est une association reconnue d\u2019utilit\u00e9 publique. Une \u00ab\u00a0vieille dame\u00a0\u00bb pr\u00e9sente depuis 1884 encore solide aujourd\u2019hui, cherchant un renouvellement constant pour d\u00e9fendre et mettre en valeur les industries r\u00e9gionales. Fort de son exp\u00e9rience, elle poursuit la volont\u00e9 affich\u00e9e d\u00e8s ses origines quant aux industries r\u00e9gionales\u00a0: les soutenir et les d\u00e9velopper. Aujourd\u2019hui,&hellip; <br \/> <a class=\"read-more\" href=\"https:\/\/societeindustrielledelest.fr\/index.php\/vivez-leconomie-de-votre-region-avec-la-sie\/\">Lire la suite<\/a><\/p>\n","protected":false},"author":5,"featured_media":0,"parent":0,"menu_order":0,"comment_status":"closed","ping_status":"closed","template":"","meta":{"om_disable_all_campaigns":false,"_monsterinsights_skip_tracking":false,"_monsterinsights_sitenote_active":false,"_monsterinsights_sitenote_note":"","_monsterinsights_sitenote_category":0,"footnotes":""},"class_list":["post-129","page","type-page","status-publish","hentry"],"aioseo_notices":[],"_links":{"self":[{"href":"https:\/\/societeindustrielledelest.fr\/index.php\/wp-json\/wp\/v2\/pages\/129","targetHints":{"allow":["GET"]}}],"collection":[{"href":"https:\/\/societeindustrielledelest.fr\/index.php\/wp-json\/wp\/v2\/pages"}],"about":[{"href":"https:\/\/societeindustrielledelest.fr\/index.php\/wp-json\/wp\/v2\/types\/page"}],"author":[{"embeddable":true,"href":"https:\/\/societeindustrielledelest.fr\/index.php\/wp-json\/wp\/v2\/users\/5"}],"replies":[{"embeddable":true,"href":"https:\/\/societeindustrielledelest.fr\/index.php\/wp-json\/wp\/v2\/comments?post=129"}],"version-history":[{"count":15,"href":"https:\/\/societeindustrielledelest.fr\/index.php\/wp-json\/wp\/v2\/pages\/129\/revisions"}],"predecessor-version":[{"id":340,"href":"https:\/\/societeindustrielledelest.fr\/index.php\/wp-json\/wp\/v2\/pages\/129\/revisions\/340"}],"wp:attachment":[{"href":"https:\/\/societeindustrielledelest.fr\/index.php\/wp-json\/wp\/v2\/media?parent=129"}],"curies":[{"name":"wp","href":"https:\/\/api.w.org\/{rel}","templated":true}]}}