{"id":156,"date":"2021-05-11T09:40:23","date_gmt":"2021-05-11T07:40:23","guid":{"rendered":"https:\/\/societeindustrielledelest.fr\/?page_id=156"},"modified":"2021-05-16T15:49:00","modified_gmt":"2021-05-16T13:49:00","slug":"medailles-2","status":"publish","type":"page","link":"https:\/\/societeindustrielledelest.fr\/index.php\/medailles-2\/","title":{"rendered":"M\u00e9dailles"},"content":{"rendered":"<div class=\"wpforms-container wpforms-container-full wpforms-block\" id=\"wpforms-470\"><form id=\"wpforms-form-470\" class=\"wpforms-validate wpforms-form\" data-formid=\"470\" method=\"post\" enctype=\"multipart\/form-data\" action=\"\/index.php\/wp-json\/wp\/v2\/pages\/156\" data-token=\"638976c226f482d67461cc4a92d91742\" data-token-time=\"1777903368\"><noscript class=\"wpforms-error-noscript\">Veuillez activer JavaScript dans votre navigateur pour remplir ce formulaire.<\/noscript><div class=\"wpforms-field-container\"><div id=\"wpforms-470-field_1-container\" class=\"wpforms-field wpforms-field-text wpforms-one-half wpforms-first\" data-field-id=\"1\"><label class=\"wpforms-field-label\" for=\"wpforms-470-field_1\">Nom <span class=\"wpforms-required-label\">*<\/span><\/label><input type=\"text\" id=\"wpforms-470-field_1\" class=\"wpforms-field-medium wpforms-field-required\" name=\"wpforms[fields][1]\" required><\/div><div id=\"wpforms-470-field_2-container\" class=\"wpforms-field wpforms-field-text wpforms-one-half\" data-field-id=\"2\"><label class=\"wpforms-field-label\" for=\"wpforms-470-field_2\">Pr\u00e9nom <span class=\"wpforms-required-label\">*<\/span><\/label><input type=\"text\" id=\"wpforms-470-field_2\" class=\"wpforms-field-medium wpforms-field-required\" name=\"wpforms[fields][2]\" required><\/div><div id=\"wpforms-470-field_3-container\" class=\"wpforms-field wpforms-field-text\" data-field-id=\"3\"><label class=\"wpforms-field-label\" for=\"wpforms-470-field_3\">Libell\u00e9 de l&#039;entreprise \/ association <span class=\"wpforms-required-label\">*<\/span><\/label><input type=\"text\" id=\"wpforms-470-field_3\" class=\"wpforms-field-large wpforms-field-required\" name=\"wpforms[fields][3]\" required><\/div><div id=\"wpforms-470-field_4-container\" class=\"wpforms-field wpforms-field-email\" data-field-id=\"4\"><label class=\"wpforms-field-label\" for=\"wpforms-470-field_4\">E-mail <span class=\"wpforms-required-label\">*<\/span><\/label><input type=\"email\" id=\"wpforms-470-field_4\" class=\"wpforms-field-large wpforms-field-required\" name=\"wpforms[fields][4]\" spellcheck=\"false\" required><\/div><div id=\"wpforms-470-field_9-container\" class=\"wpforms-field wpforms-field-number\" data-field-id=\"9\"><label class=\"wpforms-field-label\" for=\"wpforms-470-field_9\">Num\u00e9ro de t\u00e9l\u00e9phone <span class=\"wpforms-required-label\">*<\/span><\/label><input type=\"number\" id=\"wpforms-470-field_9\" class=\"wpforms-field-large wpforms-field-required\" name=\"wpforms[fields][9]\" step=\"any\" required><\/div><div id=\"wpforms-470-field_12-container\" class=\"wpforms-field wpforms-field-checkbox wpforms-list-2-columns\" data-field-id=\"12\"><label class=\"wpforms-field-label\">Choix de la (des) m\u00e9daille(s) <span class=\"wpforms-required-label\">*<\/span><\/label><ul id=\"wpforms-470-field_12\" class=\"wpforms-field-required\"><li class=\"choice-1 depth-1\"><input type=\"checkbox\" id=\"wpforms-470-field_12_1\" name=\"wpforms[fields][12][]\" value=\"Bronze\" required ><label class=\"wpforms-field-label-inline\" for=\"wpforms-470-field_12_1\">Bronze<\/label><\/li><li class=\"choice-2 depth-1\"><input type=\"checkbox\" id=\"wpforms-470-field_12_2\" name=\"wpforms[fields][12][]\" value=\"Argent\" required ><label class=\"wpforms-field-label-inline\" for=\"wpforms-470-field_12_2\">Argent<\/label><\/li><li class=\"choice-3 depth-1\"><input type=\"checkbox\" id=\"wpforms-470-field_12_3\" name=\"wpforms[fields][12][]\" value=\"Vermeil\" required ><label class=\"wpforms-field-label-inline\" for=\"wpforms-470-field_12_3\">Vermeil<\/label><\/li><li class=\"choice-4 depth-1\"><input type=\"checkbox\" id=\"wpforms-470-field_12_4\" name=\"wpforms[fields][12][]\" value=\"Or\" required ><label class=\"wpforms-field-label-inline\" for=\"wpforms-470-field_12_4\">Or<\/label><\/li><li class=\"choice-5 depth-1\"><input type=\"checkbox\" id=\"wpforms-470-field_12_5\" name=\"wpforms[fields][12][]\" value=\"Grande m\u00e9daille d&#039;or\" required ><label class=\"wpforms-field-label-inline\" for=\"wpforms-470-field_12_5\">Grande m\u00e9daille d&rsquo;or<\/label><\/li><li class=\"choice-6 depth-1\"><input type=\"checkbox\" id=\"wpforms-470-field_12_6\" name=\"wpforms[fields][12][]\" value=\"Argent grand mod\u00e8le\" required ><label class=\"wpforms-field-label-inline\" for=\"wpforms-470-field_12_6\">Argent grand mod\u00e8le<\/label><\/li><li class=\"choice-7 depth-1\"><input type=\"checkbox\" id=\"wpforms-470-field_12_7\" name=\"wpforms[fields][12][]\" value=\"Plaquette fin de carri\u00e8re\" required ><label class=\"wpforms-field-label-inline\" for=\"wpforms-470-field_12_7\">Plaquette fin de carri\u00e8re<\/label><\/li><li class=\"choice-8 depth-1\"><input type=\"checkbox\" id=\"wpforms-470-field_12_8\" name=\"wpforms[fields][12][]\" value=\"M\u00e9rite personnel\" required ><label class=\"wpforms-field-label-inline\" for=\"wpforms-470-field_12_8\">M\u00e9rite personnel<\/label><\/li><\/ul><\/div><div id=\"wpforms-470-field_13-container\" class=\"wpforms-field wpforms-field-textarea\" data-field-id=\"13\"><label class=\"wpforms-field-label\" for=\"wpforms-470-field_13\">Renseignements additionnels (nombre de chaque type de m\u00e9dailles \u00e0 commander&#8230;)<\/label><textarea id=\"wpforms-470-field_13\" class=\"wpforms-field-medium\" name=\"wpforms[fields][13]\" ><\/textarea><\/div><\/div><!-- .wpforms-field-container --><div class=\"wpforms-submit-container\" ><input type=\"hidden\" name=\"wpforms[id]\" value=\"470\"><input type=\"hidden\" name=\"page_title\" value=\"\"><input type=\"hidden\" name=\"page_url\" value=\"https:\/\/societeindustrielledelest.fr\/index.php\/wp-json\/wp\/v2\/pages\/156\"><input type=\"hidden\" name=\"url_referer\" value=\"\"><button type=\"submit\" name=\"wpforms[submit]\" id=\"wpforms-submit-470\" class=\"wpforms-submit\" data-alt-text=\"Envoi en cours...\" data-submit-text=\"Envoyer\" aria-live=\"assertive\" value=\"wpforms-submit\">Envoyer<\/button><\/div><\/form><\/div>  <!-- .wpforms-container -->","protected":false},"excerpt":{"rendered":"","protected":false},"author":5,"featured_media":0,"parent":0,"menu_order":0,"comment_status":"closed","ping_status":"closed","template":"","meta":{"om_disable_all_campaigns":false,"_monsterinsights_skip_tracking":false,"_monsterinsights_sitenote_active":false,"_monsterinsights_sitenote_note":"","_monsterinsights_sitenote_category":0,"footnotes":""},"class_list":["post-156","page","type-page","status-publish","hentry"],"aioseo_notices":[],"_links":{"self":[{"href":"https:\/\/societeindustrielledelest.fr\/index.php\/wp-json\/wp\/v2\/pages\/156","targetHints":{"allow":["GET"]}}],"collection":[{"href":"https:\/\/societeindustrielledelest.fr\/index.php\/wp-json\/wp\/v2\/pages"}],"about":[{"href":"https:\/\/societeindustrielledelest.fr\/index.php\/wp-json\/wp\/v2\/types\/page"}],"author":[{"embeddable":true,"href":"https:\/\/societeindustrielledelest.fr\/index.php\/wp-json\/wp\/v2\/users\/5"}],"replies":[{"embeddable":true,"href":"https:\/\/societeindustrielledelest.fr\/index.php\/wp-json\/wp\/v2\/comments?post=156"}],"version-history":[{"count":3,"href":"https:\/\/societeindustrielledelest.fr\/index.php\/wp-json\/wp\/v2\/pages\/156\/revisions"}],"predecessor-version":[{"id":474,"href":"https:\/\/societeindustrielledelest.fr\/index.php\/wp-json\/wp\/v2\/pages\/156\/revisions\/474"}],"wp:attachment":[{"href":"https:\/\/societeindustrielledelest.fr\/index.php\/wp-json\/wp\/v2\/media?parent=156"}],"curies":[{"name":"wp","href":"https:\/\/api.w.org\/{rel}","templated":true}]}}